{"id":2818,"date":"2022-09-13T14:50:49","date_gmt":"2022-09-13T14:50:49","guid":{"rendered":"https:\/\/seefried-consult.com\/mentions-legales\/"},"modified":"2024-08-08T08:27:15","modified_gmt":"2024-08-08T08:27:15","slug":"mentions-legales","status":"publish","type":"page","link":"https:\/\/seefried-consult.com\/fr\/mentions-legales\/","title":{"rendered":"Mentions l\u00e9gales"},"content":{"rendered":"\t\t<div data-elementor-type=\"wp-page\" data-elementor-id=\"2818\" class=\"elementor elementor-2818 elementor-55\" data-elementor-post-type=\"page\">\n\t\t\t\t\t\t<section class=\"elementor-section elementor-top-section elementor-element elementor-element-44dfe49 elementor-section-boxed elementor-section-height-default elementor-section-height-default\" data-id=\"44dfe49\" data-element_type=\"section\" data-settings=\"{&quot;background_background&quot;:&quot;classic&quot;}\">\n\t\t\t\t\t\t<div class=\"elementor-container elementor-column-gap-default\">\n\t\t\t\t\t<div class=\"elementor-column elementor-col-100 elementor-top-column elementor-element elementor-element-4fc89ee5\" data-id=\"4fc89ee5\" data-element_type=\"column\">\n\t\t\t<div class=\"elementor-widget-wrap elementor-element-populated\">\n\t\t\t\t\t\t<div class=\"elementor-element elementor-element-306447b8 elementor-widget elementor-widget-text-editor\" data-id=\"306447b8\" data-element_type=\"widget\" data-widget_type=\"text-editor.default\">\n\t\t\t\t<div class=\"elementor-widget-container\">\n\t\t\t\t\t\t\t\t\t<p><strong>Informations selon \u00a7 5 TMG :<\/strong><\/p>\n<p><strong>Thorsten Seefried<br \/><\/strong>Beethovenstr. 14<br \/>63939 W\u00f6rth am Main<\/p>\n<p><a href=\"tel:+4916099610679\">+49 160 9961 0679<\/a><br \/><a href=\"mailto:ts@seefried-consult.com\">ts@seefried-consult.com<\/a><\/p>\n<p><a href=\"https:\/\/seefried-consult.com\/fr\/\">seefried-consult.com<\/a><\/p>\n<p><strong>Responsable du contenu conform\u00e9ment au \u00a7 55 al. 2 RStV :<\/strong><br \/><strong>Thorsten Seefried<\/strong><\/p>\n<p><strong>Conception et r\u00e9alisation :<\/strong><\/p>\n<p><a href=\"https:\/\/www.forma-interim.de\/\" target=\"_blank\" rel=\"noopener\"><strong>Forma-Interim<\/strong><\/a><br \/><a href=\"https:\/\/www.forma-interim.de\/\" target=\"_blank\" rel=\"noopener\">Le marketing pour ceux qui font<\/a><\/p>\n\t\t\t\t\t\t\t\t<\/div>\n\t\t\t\t<\/div>\n\t\t\t\t<div class=\"elementor-element elementor-element-7bdbdce elementor-widget elementor-widget-heading\" data-id=\"7bdbdce\" data-element_type=\"widget\" data-widget_type=\"heading.default\">\n\t\t\t\t<div class=\"elementor-widget-container\">\n\t\t\t\t\t<h3 class=\"elementor-heading-title elementor-size-default\">Clause de non-responsabilit\u00e9<\/h3>\t\t\t\t<\/div>\n\t\t\t\t<\/div>\n\t\t\t\t<div class=\"elementor-element elementor-element-7a3e2cb elementor-widget elementor-widget-text-editor\" data-id=\"7a3e2cb\" data-element_type=\"widget\" data-widget_type=\"text-editor.default\">\n\t\t\t\t<div class=\"elementor-widget-container\">\n\t\t\t\t\t\t\t\t\t<p><strong>Responsabilit\u00e9 du contenu<\/strong><br \/>Le contenu de ces pages a \u00e9t\u00e9 r\u00e9dig\u00e9 avec le plus grand soin. Je ne peux toutefois pas garantir l&rsquo;exactitude, l&rsquo;exhaustivit\u00e9 et l&rsquo;actualit\u00e9 des contenus. En tant que prestataire de services, je suis tenu, conform\u00e9ment au \u00a7 7 al.1 TMG pour ses propres contenus sur ces pages selon les lois g\u00e9n\u00e9rales. Selon les \u00a7\u00a7 8 \u00e0 10 de la loi allemande sur les m\u00e9dias \u00e9lectroniques (TMG), je ne suis toutefois pas tenu, en tant que prestataire de services, de surveiller les informations externes transmises ou enregistr\u00e9es ou de rechercher les circonstances qui indiquent une activit\u00e9 ill\u00e9gale. Les obligations de supprimer ou de bloquer l&rsquo;utilisation d&rsquo;informations conform\u00e9ment aux lois g\u00e9n\u00e9rales restent inchang\u00e9es. Une responsabilit\u00e9 \u00e0 cet \u00e9gard n&rsquo;est toutefois possible qu&rsquo;\u00e0 partir du moment o\u00f9 une violation concr\u00e8te de la loi est connue. D\u00e8s que j&rsquo;aurai connaissance d&rsquo;une violation de la loi, je retirerai imm\u00e9diatement ces contenus.<\/p>\n<p><strong>Responsabilit\u00e9 pour les liens<\/strong><br \/>Mon offre contient des liens vers des sites web externes de tiers, sur le contenu desquels je n&rsquo;ai aucune influence. C&rsquo;est pourquoi je ne peux pas non plus me porter garant de ces contenus \u00e9trangers. Le fournisseur ou l&rsquo;exploitant des pages li\u00e9es est toujours responsable du contenu de ces pages. Les pages li\u00e9es ont \u00e9t\u00e9 v\u00e9rifi\u00e9es au moment de la cr\u00e9ation du lien afin de s&rsquo;assurer qu&rsquo;elles n&rsquo;enfreignaient pas la loi. Aucun contenu ill\u00e9gal n&rsquo;a \u00e9t\u00e9 identifi\u00e9 au moment de la cr\u00e9ation des liens. Un contr\u00f4le permanent du contenu des pages li\u00e9es n&rsquo;est toutefois pas exigible sans indices concrets d&rsquo;une violation de la loi. D\u00e8s que j&rsquo;aurai connaissance de violations de la loi, je supprimerai imm\u00e9diatement les liens en question.<\/p>\n<p><strong>Droit d&rsquo;auteur<\/strong><br \/>Les contenus et les \u0153uvres cr\u00e9\u00e9s par l&rsquo;exploitant du site sur ces pages sont soumis au droit d&rsquo;auteur allemand. La reproduction, le traitement, la diffusion et toute forme d&rsquo;exploitation en dehors des limites du droit d&rsquo;auteur requi\u00e8rent l&rsquo;accord \u00e9crit de l&rsquo;auteur ou du cr\u00e9ateur concern\u00e9. Les t\u00e9l\u00e9chargements et les copies de cette page ne sont autoris\u00e9s que pour un usage priv\u00e9 et non commercial. Dans la mesure o\u00f9 les contenus de ce site n&rsquo;ont pas \u00e9t\u00e9 cr\u00e9\u00e9s par l&rsquo;exploitant, les droits d&rsquo;auteur de tiers sont respect\u00e9s. En particulier, les contenus de tiers sont identifi\u00e9s comme tels. Si vous deviez n\u00e9anmoins constater une violation des droits d&rsquo;auteur, je vous prie de me le signaler. Si je suis inform\u00e9 d&rsquo;une violation de la loi, je supprimerai imm\u00e9diatement de tels contenus.<\/p>\n<p><a href=\"https:\/\/seefried-consult.com\/datenschutz\/\">D\u00e9claration de confidentialit\u00e9<\/a><\/p>\n\t\t\t\t\t\t\t\t<\/div>\n\t\t\t\t<\/div>\n\t\t\t\t\t<\/div>\n\t\t<\/div>\n\t\t\t\t\t<\/div>\n\t\t<\/section>\n\t\t\t\t<\/div>\n\t\t","protected":false},"excerpt":{"rendered":"<p>Informations selon \u00a7 5 TMG : Thorsten SeefriedBeethovenstr. 1463939 W\u00f6rth am Main +49 160 9961 0679ts@seefried-consult.com seefried-consult.com Responsable du contenu conform\u00e9ment au \u00a7 55 al. 2 RStV :Thorsten Seefried Conception et r\u00e9alisation : Forma-InterimLe marketing pour ceux qui font Clause de non-responsabilit\u00e9 Responsabilit\u00e9 du contenuLe contenu de ces pages a \u00e9t\u00e9 r\u00e9dig\u00e9 avec le plus [&hellip;]<\/p>\n","protected":false},"author":1,"featured_media":0,"parent":0,"menu_order":98,"comment_status":"closed","ping_status":"closed","template":"","meta":{"site-sidebar-layout":"no-sidebar","site-content-layout":"page-builder","ast-site-content-layout":"full-width-container","site-content-style":"unboxed","site-sidebar-style":"unboxed","ast-global-header-display":"","ast-banner-title-visibility":"","ast-main-header-display":"","ast-hfb-above-header-display":"","ast-hfb-below-header-display":"","ast-hfb-mobile-header-display":"","site-post-title":"disabled","ast-breadcrumbs-content":"","ast-featured-img":"disabled","footer-sml-layout":"","theme-transparent-header-meta":"","adv-header-id-meta":"","stick-header-meta":"","header-above-stick-meta":"","header-main-stick-meta":"","header-below-stick-meta":"","astra-migrate-meta-layouts":"default","ast-page-background-enabled":"default","ast-page-background-meta":{"desktop":{"background-color":"","background-image":"","background-repeat":"repeat","background-position":"center center","background-size":"auto","background-attachment":"scroll","background-type":"","background-media":"","overlay-type":"","overlay-color":"","overlay-gradient":""},"tablet":{"background-color":"","background-image":"","background-repeat":"repeat","background-position":"center center","background-size":"auto","background-attachment":"scroll","background-type":"","background-media":"","overlay-type":"","overlay-color":"","overlay-gradient":""},"mobile":{"background-color":"","background-image":"","background-repeat":"repeat","background-position":"center center","background-size":"auto","background-attachment":"scroll","background-type":"","background-media":"","overlay-type":"","overlay-color":"","overlay-gradient":""}},"ast-content-background-meta":{"desktop":{"background-color":"var(--ast-global-color-5)","background-image":"","background-repeat":"repeat","background-position":"center center","background-size":"auto","background-attachment":"scroll","background-type":"","background-media":"","overlay-type":"","overlay-color":"","overlay-gradient":""},"tablet":{"background-color":"var(--ast-global-color-5)","background-image":"","background-repeat":"repeat","background-position":"center center","background-size":"auto","background-attachment":"scroll","background-type":"","background-media":"","overlay-type":"","overlay-color":"","overlay-gradient":""},"mobile":{"background-color":"var(--ast-global-color-5)","background-image":"","background-repeat":"repeat","background-position":"center center","background-size":"auto","background-attachment":"scroll","background-type":"","background-media":"","overlay-type":"","overlay-color":"","overlay-gradient":""}},"footnotes":""},"class_list":["post-2818","page","type-page","status-publish","hentry"],"yoast_head":"<!-- This site is optimized with the Yoast SEO plugin v25.7 - https:\/\/yoast.com\/wordpress\/plugins\/seo\/ -->\n<title>Mentions l\u00e9gales | Thorsten Seefried<\/title>\n<meta name=\"description\" content=\"Consultant &amp; Manager de Transition sp\u00e9cialis\u00e9 dans les op\u00e9rations et les ventes pour les changements strat\u00e9giques dans l&#039;industrie manufacturier\" \/>\n<meta name=\"robots\" content=\"index, follow, max-snippet:-1, max-image-preview:large, max-video-preview:-1\" \/>\n<link rel=\"canonical\" href=\"https:\/\/seefried-consult.com\/fr\/mentions-legales\/\" \/>\n<meta property=\"og:locale\" content=\"fr_FR\" \/>\n<meta property=\"og:type\" content=\"article\" \/>\n<meta property=\"og:title\" content=\"Mentions l\u00e9gales | Thorsten Seefried\" \/>\n<meta property=\"og:description\" content=\"Consultant &amp; Manager de Transition sp\u00e9cialis\u00e9 dans les op\u00e9rations et les ventes pour les changements strat\u00e9giques dans l&#039;industrie manufacturier\" \/>\n<meta property=\"og:url\" content=\"https:\/\/seefried-consult.com\/fr\/mentions-legales\/\" \/>\n<meta property=\"og:site_name\" content=\"Thorsten Seefried\" \/>\n<meta property=\"article:modified_time\" content=\"2024-08-08T08:27:15+00:00\" \/>\n<meta name=\"twitter:card\" content=\"summary_large_image\" \/>\n<meta name=\"twitter:label1\" content=\"Dur\u00e9e de lecture estim\u00e9e\" \/>\n\t<meta name=\"twitter:data1\" content=\"2 minutes\" \/>\n<script type=\"application\/ld+json\" class=\"yoast-schema-graph\">{\"@context\":\"https:\/\/schema.org\",\"@graph\":[{\"@type\":\"WebPage\",\"@id\":\"https:\/\/seefried-consult.com\/fr\/mentions-legales\/\",\"url\":\"https:\/\/seefried-consult.com\/fr\/mentions-legales\/\",\"name\":\"Mentions l\u00e9gales | Thorsten Seefried\",\"isPartOf\":{\"@id\":\"https:\/\/seefried-consult.com\/fr\/#website\"},\"datePublished\":\"2022-09-13T14:50:49+00:00\",\"dateModified\":\"2024-08-08T08:27:15+00:00\",\"description\":\"Consultant & Manager de Transition sp\u00e9cialis\u00e9 dans les op\u00e9rations et les ventes pour les changements strat\u00e9giques dans l'industrie manufacturier\",\"breadcrumb\":{\"@id\":\"https:\/\/seefried-consult.com\/fr\/mentions-legales\/#breadcrumb\"},\"inLanguage\":\"fr-FR\",\"potentialAction\":[{\"@type\":\"ReadAction\",\"target\":[\"https:\/\/seefried-consult.com\/fr\/mentions-legales\/\"]}]},{\"@type\":\"BreadcrumbList\",\"@id\":\"https:\/\/seefried-consult.com\/fr\/mentions-legales\/#breadcrumb\",\"itemListElement\":[{\"@type\":\"ListItem\",\"position\":1,\"name\":\"Startseite\",\"item\":\"https:\/\/seefried-consult.com\/fr\/\"},{\"@type\":\"ListItem\",\"position\":2,\"name\":\"Mentions l\u00e9gales\"}]},{\"@type\":\"WebSite\",\"@id\":\"https:\/\/seefried-consult.com\/fr\/#website\",\"url\":\"https:\/\/seefried-consult.com\/fr\/\",\"name\":\"Thorsten Seefried\",\"description\":\"Consultant &amp; Interim Executive mit Schwerpunkt Operations &amp; Vertrieb\",\"publisher\":{\"@id\":\"https:\/\/seefried-consult.com\/fr\/#organization\"},\"alternateName\":\"Seefried Interim\",\"potentialAction\":[{\"@type\":\"SearchAction\",\"target\":{\"@type\":\"EntryPoint\",\"urlTemplate\":\"https:\/\/seefried-consult.com\/fr\/?s={search_term_string}\"},\"query-input\":{\"@type\":\"PropertyValueSpecification\",\"valueRequired\":true,\"valueName\":\"search_term_string\"}}],\"inLanguage\":\"fr-FR\"},{\"@type\":\"Organization\",\"@id\":\"https:\/\/seefried-consult.com\/fr\/#organization\",\"name\":\"Thorsten Seefried\",\"url\":\"https:\/\/seefried-consult.com\/fr\/\",\"logo\":{\"@type\":\"ImageObject\",\"inLanguage\":\"fr-FR\",\"@id\":\"https:\/\/seefried-consult.com\/fr\/#\/schema\/logo\/image\/\",\"url\":\"https:\/\/seefried-consult.com\/wp-content\/uploads\/2022\/09\/Logo-Thorsten-Seefried-800-1.png\",\"contentUrl\":\"https:\/\/seefried-consult.com\/wp-content\/uploads\/2022\/09\/Logo-Thorsten-Seefried-800-1.png\",\"width\":800,\"height\":154,\"caption\":\"Thorsten Seefried\"},\"image\":{\"@id\":\"https:\/\/seefried-consult.com\/fr\/#\/schema\/logo\/image\/\"}}]}<\/script>\n<!-- \/ Yoast SEO plugin. -->","yoast_head_json":{"title":"Mentions l\u00e9gales | Thorsten Seefried","description":"Consultant & Manager de Transition sp\u00e9cialis\u00e9 dans les op\u00e9rations et les ventes pour les changements strat\u00e9giques dans l'industrie manufacturier","robots":{"index":"index","follow":"follow","max-snippet":"max-snippet:-1","max-image-preview":"max-image-preview:large","max-video-preview":"max-video-preview:-1"},"canonical":"https:\/\/seefried-consult.com\/fr\/mentions-legales\/","og_locale":"fr_FR","og_type":"article","og_title":"Mentions l\u00e9gales | Thorsten Seefried","og_description":"Consultant & Manager de Transition sp\u00e9cialis\u00e9 dans les op\u00e9rations et les ventes pour les changements strat\u00e9giques dans l'industrie manufacturier","og_url":"https:\/\/seefried-consult.com\/fr\/mentions-legales\/","og_site_name":"Thorsten Seefried","article_modified_time":"2024-08-08T08:27:15+00:00","twitter_card":"summary_large_image","twitter_misc":{"Dur\u00e9e de lecture estim\u00e9e":"2 minutes"},"schema":{"@context":"https:\/\/schema.org","@graph":[{"@type":"WebPage","@id":"https:\/\/seefried-consult.com\/fr\/mentions-legales\/","url":"https:\/\/seefried-consult.com\/fr\/mentions-legales\/","name":"Mentions l\u00e9gales | Thorsten Seefried","isPartOf":{"@id":"https:\/\/seefried-consult.com\/fr\/#website"},"datePublished":"2022-09-13T14:50:49+00:00","dateModified":"2024-08-08T08:27:15+00:00","description":"Consultant & Manager de Transition sp\u00e9cialis\u00e9 dans les op\u00e9rations et les ventes pour les changements strat\u00e9giques dans l'industrie manufacturier","breadcrumb":{"@id":"https:\/\/seefried-consult.com\/fr\/mentions-legales\/#breadcrumb"},"inLanguage":"fr-FR","potentialAction":[{"@type":"ReadAction","target":["https:\/\/seefried-consult.com\/fr\/mentions-legales\/"]}]},{"@type":"BreadcrumbList","@id":"https:\/\/seefried-consult.com\/fr\/mentions-legales\/#breadcrumb","itemListElement":[{"@type":"ListItem","position":1,"name":"Startseite","item":"https:\/\/seefried-consult.com\/fr\/"},{"@type":"ListItem","position":2,"name":"Mentions l\u00e9gales"}]},{"@type":"WebSite","@id":"https:\/\/seefried-consult.com\/fr\/#website","url":"https:\/\/seefried-consult.com\/fr\/","name":"Thorsten Seefried","description":"Consultant &amp; Interim Executive mit Schwerpunkt Operations &amp; Vertrieb","publisher":{"@id":"https:\/\/seefried-consult.com\/fr\/#organization"},"alternateName":"Seefried Interim","potentialAction":[{"@type":"SearchAction","target":{"@type":"EntryPoint","urlTemplate":"https:\/\/seefried-consult.com\/fr\/?s={search_term_string}"},"query-input":{"@type":"PropertyValueSpecification","valueRequired":true,"valueName":"search_term_string"}}],"inLanguage":"fr-FR"},{"@type":"Organization","@id":"https:\/\/seefried-consult.com\/fr\/#organization","name":"Thorsten Seefried","url":"https:\/\/seefried-consult.com\/fr\/","logo":{"@type":"ImageObject","inLanguage":"fr-FR","@id":"https:\/\/seefried-consult.com\/fr\/#\/schema\/logo\/image\/","url":"https:\/\/seefried-consult.com\/wp-content\/uploads\/2022\/09\/Logo-Thorsten-Seefried-800-1.png","contentUrl":"https:\/\/seefried-consult.com\/wp-content\/uploads\/2022\/09\/Logo-Thorsten-Seefried-800-1.png","width":800,"height":154,"caption":"Thorsten Seefried"},"image":{"@id":"https:\/\/seefried-consult.com\/fr\/#\/schema\/logo\/image\/"}}]}},"_links":{"self":[{"href":"https:\/\/seefried-consult.com\/fr\/wp-json\/wp\/v2\/pages\/2818","targetHints":{"allow":["GET"]}}],"collection":[{"href":"https:\/\/seefried-consult.com\/fr\/wp-json\/wp\/v2\/pages"}],"about":[{"href":"https:\/\/seefried-consult.com\/fr\/wp-json\/wp\/v2\/types\/page"}],"author":[{"embeddable":true,"href":"https:\/\/seefried-consult.com\/fr\/wp-json\/wp\/v2\/users\/1"}],"replies":[{"embeddable":true,"href":"https:\/\/seefried-consult.com\/fr\/wp-json\/wp\/v2\/comments?post=2818"}],"version-history":[{"count":0,"href":"https:\/\/seefried-consult.com\/fr\/wp-json\/wp\/v2\/pages\/2818\/revisions"}],"wp:attachment":[{"href":"https:\/\/seefried-consult.com\/fr\/wp-json\/wp\/v2\/media?parent=2818"}],"curies":[{"name":"wp","href":"https:\/\/api.w.org\/{rel}","templated":true}]}}