{"id":2754,"date":"2022-09-13T14:50:01","date_gmt":"2022-09-13T14:50:01","guid":{"rendered":"https:\/\/seefried-consult.com\/contact\/"},"modified":"2025-08-15T17:18:28","modified_gmt":"2025-08-15T17:18:28","slug":"contact","status":"publish","type":"page","link":"https:\/\/seefried-consult.com\/fr\/contact\/","title":{"rendered":"Contact"},"content":{"rendered":"\t\t<div data-elementor-type=\"wp-page\" data-elementor-id=\"2754\" class=\"elementor elementor-2754 elementor-52\" data-elementor-post-type=\"page\">\n\t\t\t\t\t\t<section class=\"elementor-section elementor-top-section elementor-element elementor-element-f1d4a36 elementor-section-height-min-height elementor-section-boxed elementor-section-height-default elementor-section-items-middle\" data-id=\"f1d4a36\" data-element_type=\"section\" data-settings=\"{&quot;background_background&quot;:&quot;classic&quot;}\">\n\t\t\t\t\t\t<div class=\"elementor-container elementor-column-gap-default\">\n\t\t\t\t\t<div class=\"elementor-column elementor-col-50 elementor-top-column elementor-element elementor-element-020f8c4 elementor-hidden-mobile elementor-invisible\" data-id=\"020f8c4\" data-element_type=\"column\" data-settings=\"{&quot;background_background&quot;:&quot;classic&quot;,&quot;animation&quot;:&quot;fadeInUp&quot;}\">\n\t\t\t<div class=\"elementor-widget-wrap\">\n\t\t\t\t\t\t\t<\/div>\n\t\t<\/div>\n\t\t\t\t<div class=\"elementor-column elementor-col-50 elementor-top-column elementor-element elementor-element-15b3c17\" data-id=\"15b3c17\" data-element_type=\"column\">\n\t\t\t<div class=\"elementor-widget-wrap\">\n\t\t\t\t\t\t\t<\/div>\n\t\t<\/div>\n\t\t\t\t\t<\/div>\n\t\t<\/section>\n\t\t\t\t<section class=\"elementor-section elementor-top-section elementor-element elementor-element-4ef22af elementor-section-boxed elementor-section-height-default elementor-section-height-default\" data-id=\"4ef22af\" data-element_type=\"section\" data-settings=\"{&quot;background_background&quot;:&quot;classic&quot;}\">\n\t\t\t\t\t\t<div class=\"elementor-container elementor-column-gap-default\">\n\t\t\t\t\t<div class=\"elementor-column elementor-col-50 elementor-top-column elementor-element elementor-element-088212d\" data-id=\"088212d\" data-element_type=\"column\">\n\t\t\t<div class=\"elementor-widget-wrap elementor-element-populated\">\n\t\t\t\t\t\t<div class=\"elementor-element elementor-element-26ac45a elementor-widget elementor-widget-heading\" data-id=\"26ac45a\" data-element_type=\"widget\" data-widget_type=\"heading.default\">\n\t\t\t\t<div class=\"elementor-widget-container\">\n\t\t\t\t\t<h2 class=\"elementor-heading-title elementor-size-default\">Parlons-en<\/h2>\t\t\t\t<\/div>\n\t\t\t\t<\/div>\n\t\t\t\t<div class=\"elementor-element elementor-element-1e189d7 elementor-widget elementor-widget-text-editor\" data-id=\"1e189d7\" data-element_type=\"widget\" data-widget_type=\"text-editor.default\">\n\t\t\t\t<div class=\"elementor-widget-container\">\n\t\t\t\t\t\t\t\t\t<p>Je me r\u00e9jouis de votre prise de contact. Je me tiens \u00e0 votre disposition pour un premier entretien sans engagement, un \u00e9change d&rsquo;id\u00e9es et vos questions.  <\/p>\n\t\t\t\t\t\t\t\t<\/div>\n\t\t\t\t<\/div>\n\t\t\t\t<div class=\"elementor-element elementor-element-8489860 elementor-widget elementor-widget-text-editor\" data-id=\"8489860\" data-element_type=\"widget\" data-widget_type=\"text-editor.default\">\n\t\t\t\t<div class=\"elementor-widget-container\">\n\t\t\t\t\t\t\t\t\t<p><strong>Thorsten Seefried<br \/><\/strong>Ing\u00e9nieur dipl\u00f4m\u00e9 \/ MBA<\/p>\n<p><a href=\"tel:+4916099610679\">+49 160 9961 0679<\/a><br \/><a href=\"mailto:info@seefried-consult.com\">ts@seefried-consult.com<\/a><\/p>\n<p>Beethovenstr. 14<br \/>63939 W\u00f6rth am Main<\/p>\n<p><a href=\"https:\/\/seefried-consult.com\/fr\/\">www.seefried-consult.com<\/a><\/p>\n\t\t\t\t\t\t\t\t<\/div>\n\t\t\t\t<\/div>\n\t\t\t\t<div class=\"elementor-element elementor-element-fd8dafc elementor-shape-square e-grid-align-left elementor-grid-0 elementor-widget elementor-widget-social-icons\" data-id=\"fd8dafc\" data-element_type=\"widget\" data-widget_type=\"social-icons.default\">\n\t\t\t\t<div class=\"elementor-widget-container\">\n\t\t\t\t\t\t\t<div class=\"elementor-social-icons-wrapper elementor-grid\" role=\"list\">\n\t\t\t\t\t\t\t<span class=\"elementor-grid-item\" role=\"listitem\">\n\t\t\t\t\t<a class=\"elementor-icon elementor-social-icon elementor-social-icon-linkedin-in elementor-repeater-item-70832f5\" href=\"https:\/\/www.linkedin.com\/in\/thorsten-seefried\" target=\"_blank\">\n\t\t\t\t\t\t<span class=\"elementor-screen-only\">Linkedin-in<\/span>\n\t\t\t\t\t\t<i class=\"fab fa-linkedin-in\"><\/i>\t\t\t\t\t<\/a>\n\t\t\t\t<\/span>\n\t\t\t\t\t\t\t<span class=\"elementor-grid-item\" role=\"listitem\">\n\t\t\t\t\t<a class=\"elementor-icon elementor-social-icon elementor-social-icon-xing elementor-repeater-item-17ae1e3\" href=\"https:\/\/www.xing.com\/profile\/Thorsten_Seefried\/portfolio\" target=\"_blank\">\n\t\t\t\t\t\t<span class=\"elementor-screen-only\">Xing<\/span>\n\t\t\t\t\t\t<i class=\"fab fa-xing\"><\/i>\t\t\t\t\t<\/a>\n\t\t\t\t<\/span>\n\t\t\t\t\t<\/div>\n\t\t\t\t\t\t<\/div>\n\t\t\t\t<\/div>\n\t\t\t\t\t<\/div>\n\t\t<\/div>\n\t\t\t\t<div class=\"elementor-column elementor-col-50 elementor-top-column elementor-element elementor-element-187927e\" data-id=\"187927e\" data-element_type=\"column\" data-settings=\"{&quot;background_background&quot;:&quot;classic&quot;}\">\n\t\t\t<div class=\"elementor-widget-wrap elementor-element-populated\">\n\t\t\t\t\t\t<div class=\"elementor-element elementor-element-0d44e6b elementor-widget elementor-widget-heading\" data-id=\"0d44e6b\" data-element_type=\"widget\" data-widget_type=\"heading.default\">\n\t\t\t\t<div class=\"elementor-widget-container\">\n\t\t\t\t\t<h4 class=\"elementor-heading-title elementor-size-default\">\u00c9crivez-moi :<\/h4>\t\t\t\t<\/div>\n\t\t\t\t<\/div>\n\t\t\t\t<div class=\"elementor-element elementor-element-4a846eb elementor-button-align-stretch elementor-widget elementor-widget-form\" data-id=\"4a846eb\" data-element_type=\"widget\" data-settings=\"{&quot;step_next_label&quot;:&quot;Prochain&quot;,&quot;step_previous_label&quot;:&quot;Pr\\u00e9c\\u00e9dent&quot;,&quot;button_width&quot;:&quot;100&quot;,&quot;step_type&quot;:&quot;number_text&quot;,&quot;step_icon_shape&quot;:&quot;circle&quot;}\" data-widget_type=\"form.default\">\n\t\t\t\t<div class=\"elementor-widget-container\">\n\t\t\t\t\t\t\t<form class=\"elementor-form\" method=\"post\" name=\"Nouvelle forme\" aria-label=\"Nouvelle forme\">\n\t\t\t<input type=\"hidden\" name=\"post_id\" value=\"2754\"\/>\n\t\t\t<input type=\"hidden\" name=\"form_id\" value=\"4a846eb\"\/>\n\t\t\t<input type=\"hidden\" name=\"referer_title\" value=\"Thorsten Seefried\" \/>\n\n\t\t\t\n\t\t\t<div class=\"elementor-form-fields-wrapper elementor-labels-\">\n\t\t\t\t\t\t\t\t<div class=\"elementor-field-type-text elementor-field-group elementor-column elementor-field-group-name elementor-col-50 elementor-field-required\">\n\t\t\t\t\t\t\t\t\t\t\t\t<label for=\"form-field-name\" class=\"elementor-field-label elementor-screen-only\">\n\t\t\t\t\t\t\t\tPr\u00e9nom\t\t\t\t\t\t\t<\/label>\n\t\t\t\t\t\t\t\t\t\t\t\t\t\t<input size=\"1\" type=\"text\" name=\"form_fields[name]\" id=\"form-field-name\" class=\"elementor-field elementor-size-md  elementor-field-textual\" placeholder=\"Pr\u00e9nom\" required=\"required\">\n\t\t\t\t\t\t\t\t\t\t\t<\/div>\n\t\t\t\t\t\t\t\t<div class=\"elementor-field-type-text elementor-field-group elementor-column elementor-field-group-field_1 elementor-col-50 elementor-field-required\">\n\t\t\t\t\t\t\t\t\t\t\t\t<label for=\"form-field-field_1\" class=\"elementor-field-label elementor-screen-only\">\n\t\t\t\t\t\t\t\tNom de famille\t\t\t\t\t\t\t<\/label>\n\t\t\t\t\t\t\t\t\t\t\t\t\t\t<input size=\"1\" type=\"text\" name=\"form_fields[field_1]\" id=\"form-field-field_1\" class=\"elementor-field elementor-size-md  elementor-field-textual\" placeholder=\"Nom de famille\" required=\"required\">\n\t\t\t\t\t\t\t\t\t\t\t<\/div>\n\t\t\t\t\t\t\t\t<div class=\"elementor-field-type-text elementor-field-group elementor-column elementor-field-group-email elementor-col-100\">\n\t\t\t\t\t\t\t\t\t\t\t\t<label for=\"form-field-email\" class=\"elementor-field-label elementor-screen-only\">\n\t\t\t\t\t\t\t\tEntreprise\t\t\t\t\t\t\t<\/label>\n\t\t\t\t\t\t\t\t\t\t\t\t\t\t<input size=\"1\" type=\"text\" name=\"form_fields[email]\" id=\"form-field-email\" class=\"elementor-field elementor-size-md  elementor-field-textual\" placeholder=\"Entreprise\">\n\t\t\t\t\t\t\t\t\t\t\t<\/div>\n\t\t\t\t\t\t\t\t<div class=\"elementor-field-type-tel elementor-field-group elementor-column elementor-field-group-field_2 elementor-col-50 elementor-field-required\">\n\t\t\t\t\t\t\t\t\t\t\t\t<label for=\"form-field-field_2\" class=\"elementor-field-label elementor-screen-only\">\n\t\t\t\t\t\t\t\tNum\u00e9ro de t\u00e9l\u00e9phone\t\t\t\t\t\t\t<\/label>\n\t\t\t\t\t\t\t\t<input size=\"1\" type=\"tel\" name=\"form_fields[field_2]\" id=\"form-field-field_2\" class=\"elementor-field elementor-size-md  elementor-field-textual\" placeholder=\"Num\u00e9ro de t\u00e9l\u00e9phone\" required=\"required\" pattern=\"[0-9()#&amp;+*-=.]+\" title=\"Seuls les caract\u00e8res de num\u00e9ros de t\u00e9l\u00e9phone (#, -, *, etc.) sont accept\u00e9s.\">\n\n\t\t\t\t\t\t<\/div>\n\t\t\t\t\t\t\t\t<div class=\"elementor-field-type-email elementor-field-group elementor-column elementor-field-group-field_3 elementor-col-50 elementor-field-required\">\n\t\t\t\t\t\t\t\t\t\t\t\t<label for=\"form-field-field_3\" class=\"elementor-field-label elementor-screen-only\">\n\t\t\t\t\t\t\t\tEmail\t\t\t\t\t\t\t<\/label>\n\t\t\t\t\t\t\t\t\t\t\t\t\t\t<input size=\"1\" type=\"email\" name=\"form_fields[field_3]\" id=\"form-field-field_3\" class=\"elementor-field elementor-size-md  elementor-field-textual\" placeholder=\"Email\" required=\"required\">\n\t\t\t\t\t\t\t\t\t\t\t<\/div>\n\t\t\t\t\t\t\t\t<div class=\"elementor-field-type-textarea elementor-field-group elementor-column elementor-field-group-field_4 elementor-col-100 elementor-field-required\">\n\t\t\t\t\t\t\t\t\t\t\t\t<label for=\"form-field-field_4\" class=\"elementor-field-label elementor-screen-only\">\n\t\t\t\t\t\t\t\tVotre message\t\t\t\t\t\t\t<\/label>\n\t\t\t\t\t\t<textarea class=\"elementor-field-textual elementor-field  elementor-size-md\" name=\"form_fields[field_4]\" id=\"form-field-field_4\" rows=\"4\" placeholder=\"Votre message\" required=\"required\"><\/textarea>\t\t\t\t<\/div>\n\t\t\t\t\t\t\t\t<div class=\"elementor-field-type-acceptance elementor-field-group elementor-column elementor-field-group-field_5 elementor-col-100\">\n\t\t\t\t\t\t\t<div class=\"elementor-field-subgroup\">\n\t\t\t<span class=\"elementor-field-option\">\n\t\t\t\t<input type=\"checkbox\" name=\"form_fields[field_5]\" id=\"form-field-field_5\" class=\"elementor-field elementor-size-md  elementor-acceptance-field\">\n\t\t\t\t<label for=\"form-field-field_5\">J'ai pris connaissance de la <a href=\"https:\/\/seefried-consult.com\/datenschutz\/\" target=\"_blank\" rel=\"noopener\" style=\"color: #40976f\">d\u00e9claration de protection des donn\u00e9es<\/a>. J'accepte que mes informations et donn\u00e9es soient collect\u00e9es et stock\u00e9es \u00e9lectroniquement pour r\u00e9pondre \u00e0 ma demande.  <\/label>\t\t\t<\/span>\n\t\t<\/div>\n\t\t\t\t\t\t<\/div>\n\t\t\t\t\t\t\t\t<div class=\"elementor-field-type-text\">\n\t\t\t\t\t<input size=\"1\" type=\"text\" name=\"form_fields[field_6]\" id=\"form-field-field_6\" class=\"elementor-field elementor-size-md \" style=\"display:none !important;\">\t\t\t\t<\/div>\n\t\t\t\t\t\t\t\t<div class=\"elementor-field-group elementor-column elementor-field-type-submit elementor-col-100 e-form__buttons\">\n\t\t\t\t\t<button class=\"elementor-button elementor-size-md\" type=\"submit\">\n\t\t\t\t\t\t<span class=\"elementor-button-content-wrapper\">\n\t\t\t\t\t\t\t\t\t\t\t\t\t\t\t\t\t\t\t\t\t\t<span class=\"elementor-button-text\">Envoyer<\/span>\n\t\t\t\t\t\t\t\t\t\t\t\t\t<\/span>\n\t\t\t\t\t<\/button>\n\t\t\t\t<\/div>\n\t\t\t<\/div>\n\t\t<\/form>\n\t\t\t\t\t\t<\/div>\n\t\t\t\t<\/div>\n\t\t\t\t\t<\/div>\n\t\t<\/div>\n\t\t\t\t\t<\/div>\n\t\t<\/section>\n\t\t\t\t<\/div>\n\t\t","protected":false},"excerpt":{"rendered":"<p>Parlons-en Je me r\u00e9jouis de votre prise de contact. Je me tiens \u00e0 votre disposition pour un premier entretien sans engagement, un \u00e9change d&rsquo;id\u00e9es et vos questions. Thorsten SeefriedIng\u00e9nieur dipl\u00f4m\u00e9 \/ MBA +49 160 9961 0679ts@seefried-consult.com Beethovenstr. 1463939 W\u00f6rth am Main www.seefried-consult.com Linkedin-in Xing \u00c9crivez-moi :<\/p>\n","protected":false},"author":1,"featured_media":2718,"parent":0,"menu_order":3,"comment_status":"closed","ping_status":"closed","template":"","meta":{"site-sidebar-layout":"no-sidebar","site-content-layout":"page-builder","ast-site-content-layout":"full-width-container","site-content-style":"unboxed","site-sidebar-style":"unboxed","ast-global-header-display":"","ast-banner-title-visibility":"","ast-main-header-display":"","ast-hfb-above-header-display":"","ast-hfb-below-header-display":"","ast-hfb-mobile-header-display":"","site-post-title":"disabled","ast-breadcrumbs-content":"","ast-featured-img":"disabled","footer-sml-layout":"","theme-transparent-header-meta":"","adv-header-id-meta":"","stick-header-meta":"","header-above-stick-meta":"","header-main-stick-meta":"","header-below-stick-meta":"","astra-migrate-meta-layouts":"default","ast-page-background-enabled":"default","ast-page-background-meta":{"desktop":{"background-color":"","background-image":"","background-repeat":"repeat","background-position":"center center","background-size":"auto","background-attachment":"scroll","background-type":"","background-media":"","overlay-type":"","overlay-color":"","overlay-gradient":""},"tablet":{"background-color":"","background-image":"","background-repeat":"repeat","background-position":"center center","background-size":"auto","background-attachment":"scroll","background-type":"","background-media":"","overlay-type":"","overlay-color":"","overlay-gradient":""},"mobile":{"background-color":"","background-image":"","background-repeat":"repeat","background-position":"center center","background-size":"auto","background-attachment":"scroll","background-type":"","background-media":"","overlay-type":"","overlay-color":"","overlay-gradient":""}},"ast-content-background-meta":{"desktop":{"background-color":"var(--ast-global-color-5)","background-image":"","background-repeat":"repeat","background-position":"center center","background-size":"auto","background-attachment":"scroll","background-type":"","background-media":"","overlay-type":"","overlay-color":"","overlay-gradient":""},"tablet":{"background-color":"var(--ast-global-color-5)","background-image":"","background-repeat":"repeat","background-position":"center center","background-size":"auto","background-attachment":"scroll","background-type":"","background-media":"","overlay-type":"","overlay-color":"","overlay-gradient":""},"mobile":{"background-color":"var(--ast-global-color-5)","background-image":"","background-repeat":"repeat","background-position":"center center","background-size":"auto","background-attachment":"scroll","background-type":"","background-media":"","overlay-type":"","overlay-color":"","overlay-gradient":""}},"footnotes":""},"class_list":["post-2754","page","type-page","status-publish","has-post-thumbnail","hentry"],"yoast_head":"<!-- This site is optimized with the Yoast SEO plugin v25.7 - https:\/\/yoast.com\/wordpress\/plugins\/seo\/ -->\n<title>Contact | Thorsten Seefried<\/title>\n<meta name=\"description\" content=\"Je me tiens \u00e0 votre disposition pour un premier entretien sans engagement, un \u00e9change d&#039;id\u00e9es et vos questions.\" \/>\n<meta name=\"robots\" content=\"index, follow, max-snippet:-1, max-image-preview:large, max-video-preview:-1\" \/>\n<link rel=\"canonical\" href=\"https:\/\/seefried-consult.com\/fr\/contact\/\" \/>\n<meta property=\"og:locale\" content=\"fr_FR\" \/>\n<meta property=\"og:type\" content=\"article\" \/>\n<meta property=\"og:title\" content=\"Contact | Thorsten Seefried\" \/>\n<meta property=\"og:description\" content=\"Je me tiens \u00e0 votre disposition pour un premier entretien sans engagement, un \u00e9change d&#039;id\u00e9es et vos questions.\" \/>\n<meta property=\"og:url\" content=\"https:\/\/seefried-consult.com\/fr\/contact\/\" \/>\n<meta property=\"og:site_name\" content=\"Thorsten Seefried\" \/>\n<meta property=\"article:modified_time\" content=\"2025-08-15T17:18:28+00:00\" \/>\n<meta property=\"og:image\" content=\"https:\/\/seefried-consult.com\/wp-content\/uploads\/2022\/09\/Thorsten-Seefried-interim-manager-kontakt-02.jpg\" \/>\n\t<meta property=\"og:image:width\" content=\"2000\" \/>\n\t<meta property=\"og:image:height\" content=\"800\" \/>\n\t<meta property=\"og:image:type\" content=\"image\/jpeg\" \/>\n<meta name=\"twitter:card\" content=\"summary_large_image\" \/>\n<script type=\"application\/ld+json\" class=\"yoast-schema-graph\">{\"@context\":\"https:\/\/schema.org\",\"@graph\":[{\"@type\":\"WebPage\",\"@id\":\"https:\/\/seefried-consult.com\/fr\/contact\/\",\"url\":\"https:\/\/seefried-consult.com\/fr\/contact\/\",\"name\":\"Contact | Thorsten Seefried\",\"isPartOf\":{\"@id\":\"https:\/\/seefried-consult.com\/fr\/#website\"},\"primaryImageOfPage\":{\"@id\":\"https:\/\/seefried-consult.com\/fr\/contact\/#primaryimage\"},\"image\":{\"@id\":\"https:\/\/seefried-consult.com\/fr\/contact\/#primaryimage\"},\"thumbnailUrl\":\"https:\/\/seefried-consult.com\/wp-content\/uploads\/2022\/09\/Thorsten-Seefried-interim-manager-kontakt-02.jpg\",\"datePublished\":\"2022-09-13T14:50:01+00:00\",\"dateModified\":\"2025-08-15T17:18:28+00:00\",\"description\":\"Je me tiens \u00e0 votre disposition pour un premier entretien sans engagement, un \u00e9change d'id\u00e9es et vos questions.\",\"breadcrumb\":{\"@id\":\"https:\/\/seefried-consult.com\/fr\/contact\/#breadcrumb\"},\"inLanguage\":\"fr-FR\",\"potentialAction\":[{\"@type\":\"ReadAction\",\"target\":[\"https:\/\/seefried-consult.com\/fr\/contact\/\"]}]},{\"@type\":\"ImageObject\",\"inLanguage\":\"fr-FR\",\"@id\":\"https:\/\/seefried-consult.com\/fr\/contact\/#primaryimage\",\"url\":\"https:\/\/seefried-consult.com\/wp-content\/uploads\/2022\/09\/Thorsten-Seefried-interim-manager-kontakt-02.jpg\",\"contentUrl\":\"https:\/\/seefried-consult.com\/wp-content\/uploads\/2022\/09\/Thorsten-Seefried-interim-manager-kontakt-02.jpg\",\"width\":2000,\"height\":800},{\"@type\":\"BreadcrumbList\",\"@id\":\"https:\/\/seefried-consult.com\/fr\/contact\/#breadcrumb\",\"itemListElement\":[{\"@type\":\"ListItem\",\"position\":1,\"name\":\"Startseite\",\"item\":\"https:\/\/seefried-consult.com\/fr\/\"},{\"@type\":\"ListItem\",\"position\":2,\"name\":\"Contact\"}]},{\"@type\":\"WebSite\",\"@id\":\"https:\/\/seefried-consult.com\/fr\/#website\",\"url\":\"https:\/\/seefried-consult.com\/fr\/\",\"name\":\"Thorsten Seefried\",\"description\":\"Consultant &amp; Interim Executive mit Schwerpunkt Operations &amp; Vertrieb\",\"publisher\":{\"@id\":\"https:\/\/seefried-consult.com\/fr\/#organization\"},\"alternateName\":\"Seefried Interim\",\"potentialAction\":[{\"@type\":\"SearchAction\",\"target\":{\"@type\":\"EntryPoint\",\"urlTemplate\":\"https:\/\/seefried-consult.com\/fr\/?s={search_term_string}\"},\"query-input\":{\"@type\":\"PropertyValueSpecification\",\"valueRequired\":true,\"valueName\":\"search_term_string\"}}],\"inLanguage\":\"fr-FR\"},{\"@type\":\"Organization\",\"@id\":\"https:\/\/seefried-consult.com\/fr\/#organization\",\"name\":\"Thorsten Seefried\",\"url\":\"https:\/\/seefried-consult.com\/fr\/\",\"logo\":{\"@type\":\"ImageObject\",\"inLanguage\":\"fr-FR\",\"@id\":\"https:\/\/seefried-consult.com\/fr\/#\/schema\/logo\/image\/\",\"url\":\"https:\/\/seefried-consult.com\/wp-content\/uploads\/2022\/09\/Logo-Thorsten-Seefried-800-1.png\",\"contentUrl\":\"https:\/\/seefried-consult.com\/wp-content\/uploads\/2022\/09\/Logo-Thorsten-Seefried-800-1.png\",\"width\":800,\"height\":154,\"caption\":\"Thorsten Seefried\"},\"image\":{\"@id\":\"https:\/\/seefried-consult.com\/fr\/#\/schema\/logo\/image\/\"}}]}<\/script>\n<!-- \/ Yoast SEO plugin. -->","yoast_head_json":{"title":"Contact | Thorsten Seefried","description":"Je me tiens \u00e0 votre disposition pour un premier entretien sans engagement, un \u00e9change d'id\u00e9es et vos questions.","robots":{"index":"index","follow":"follow","max-snippet":"max-snippet:-1","max-image-preview":"max-image-preview:large","max-video-preview":"max-video-preview:-1"},"canonical":"https:\/\/seefried-consult.com\/fr\/contact\/","og_locale":"fr_FR","og_type":"article","og_title":"Contact | Thorsten Seefried","og_description":"Je me tiens \u00e0 votre disposition pour un premier entretien sans engagement, un \u00e9change d'id\u00e9es et vos questions.","og_url":"https:\/\/seefried-consult.com\/fr\/contact\/","og_site_name":"Thorsten Seefried","article_modified_time":"2025-08-15T17:18:28+00:00","og_image":[{"width":2000,"height":800,"url":"https:\/\/seefried-consult.com\/wp-content\/uploads\/2022\/09\/Thorsten-Seefried-interim-manager-kontakt-02.jpg","type":"image\/jpeg"}],"twitter_card":"summary_large_image","schema":{"@context":"https:\/\/schema.org","@graph":[{"@type":"WebPage","@id":"https:\/\/seefried-consult.com\/fr\/contact\/","url":"https:\/\/seefried-consult.com\/fr\/contact\/","name":"Contact | Thorsten Seefried","isPartOf":{"@id":"https:\/\/seefried-consult.com\/fr\/#website"},"primaryImageOfPage":{"@id":"https:\/\/seefried-consult.com\/fr\/contact\/#primaryimage"},"image":{"@id":"https:\/\/seefried-consult.com\/fr\/contact\/#primaryimage"},"thumbnailUrl":"https:\/\/seefried-consult.com\/wp-content\/uploads\/2022\/09\/Thorsten-Seefried-interim-manager-kontakt-02.jpg","datePublished":"2022-09-13T14:50:01+00:00","dateModified":"2025-08-15T17:18:28+00:00","description":"Je me tiens \u00e0 votre disposition pour un premier entretien sans engagement, un \u00e9change d'id\u00e9es et vos questions.","breadcrumb":{"@id":"https:\/\/seefried-consult.com\/fr\/contact\/#breadcrumb"},"inLanguage":"fr-FR","potentialAction":[{"@type":"ReadAction","target":["https:\/\/seefried-consult.com\/fr\/contact\/"]}]},{"@type":"ImageObject","inLanguage":"fr-FR","@id":"https:\/\/seefried-consult.com\/fr\/contact\/#primaryimage","url":"https:\/\/seefried-consult.com\/wp-content\/uploads\/2022\/09\/Thorsten-Seefried-interim-manager-kontakt-02.jpg","contentUrl":"https:\/\/seefried-consult.com\/wp-content\/uploads\/2022\/09\/Thorsten-Seefried-interim-manager-kontakt-02.jpg","width":2000,"height":800},{"@type":"BreadcrumbList","@id":"https:\/\/seefried-consult.com\/fr\/contact\/#breadcrumb","itemListElement":[{"@type":"ListItem","position":1,"name":"Startseite","item":"https:\/\/seefried-consult.com\/fr\/"},{"@type":"ListItem","position":2,"name":"Contact"}]},{"@type":"WebSite","@id":"https:\/\/seefried-consult.com\/fr\/#website","url":"https:\/\/seefried-consult.com\/fr\/","name":"Thorsten Seefried","description":"Consultant &amp; Interim Executive mit Schwerpunkt Operations &amp; Vertrieb","publisher":{"@id":"https:\/\/seefried-consult.com\/fr\/#organization"},"alternateName":"Seefried Interim","potentialAction":[{"@type":"SearchAction","target":{"@type":"EntryPoint","urlTemplate":"https:\/\/seefried-consult.com\/fr\/?s={search_term_string}"},"query-input":{"@type":"PropertyValueSpecification","valueRequired":true,"valueName":"search_term_string"}}],"inLanguage":"fr-FR"},{"@type":"Organization","@id":"https:\/\/seefried-consult.com\/fr\/#organization","name":"Thorsten Seefried","url":"https:\/\/seefried-consult.com\/fr\/","logo":{"@type":"ImageObject","inLanguage":"fr-FR","@id":"https:\/\/seefried-consult.com\/fr\/#\/schema\/logo\/image\/","url":"https:\/\/seefried-consult.com\/wp-content\/uploads\/2022\/09\/Logo-Thorsten-Seefried-800-1.png","contentUrl":"https:\/\/seefried-consult.com\/wp-content\/uploads\/2022\/09\/Logo-Thorsten-Seefried-800-1.png","width":800,"height":154,"caption":"Thorsten Seefried"},"image":{"@id":"https:\/\/seefried-consult.com\/fr\/#\/schema\/logo\/image\/"}}]}},"_links":{"self":[{"href":"https:\/\/seefried-consult.com\/fr\/wp-json\/wp\/v2\/pages\/2754","targetHints":{"allow":["GET"]}}],"collection":[{"href":"https:\/\/seefried-consult.com\/fr\/wp-json\/wp\/v2\/pages"}],"about":[{"href":"https:\/\/seefried-consult.com\/fr\/wp-json\/wp\/v2\/types\/page"}],"author":[{"embeddable":true,"href":"https:\/\/seefried-consult.com\/fr\/wp-json\/wp\/v2\/users\/1"}],"replies":[{"embeddable":true,"href":"https:\/\/seefried-consult.com\/fr\/wp-json\/wp\/v2\/comments?post=2754"}],"version-history":[{"count":0,"href":"https:\/\/seefried-consult.com\/fr\/wp-json\/wp\/v2\/pages\/2754\/revisions"}],"wp:featuredmedia":[{"embeddable":true,"href":"https:\/\/seefried-consult.com\/fr\/wp-json\/wp\/v2\/media\/2718"}],"wp:attachment":[{"href":"https:\/\/seefried-consult.com\/fr\/wp-json\/wp\/v2\/media?parent=2754"}],"curies":[{"name":"wp","href":"https:\/\/api.w.org\/{rel}","templated":true}]}}